{"id":354,"date":"2015-01-27T09:47:57","date_gmt":"2015-01-27T09:47:57","guid":{"rendered":"http:\/\/kakunen-zen.de\/newsite\/?page_id=354"},"modified":"2017-11-05T06:32:38","modified_gmt":"2017-11-05T06:32:38","slug":"orden-2","status":"publish","type":"page","link":"https:\/\/www.kakunen-zen.de\/newsite\/?page_id=354","title":{"rendered":"ORDEN"},"content":{"rendered":"<div id=\"pl-354\"  class=\"panel-layout\" ><div id=\"pg-354-0\"  class=\"panel-grid panel-no-style\" ><div id=\"pgc-354-0-0\"  class=\"panel-grid-cell\" ><div id=\"panel-354-0-0-0\" class=\"so-panel widget widget_black-studio-tinymce widget_black_studio_tinymce panel-first-child panel-last-child\" data-index=\"0\" ><div class=\"textwidget\"><h5 style=\"text-align: justify;\">ZEN-ORDEN \"Offene Weite\"<\/h5>\n<p style=\"text-align: justify;\">Der Orden \"Offene Weite\" ist eine neue Konzeption im westlich-abendl\u00e4ndischen Zen.<\/p>\n<p style=\"text-align: justify;\">Angeh\u00f6rige dieses Ordens sind ordinierte Zen-\u00dcbende, die Gel\u00fcbde auf die Ordensgrunds\u00e4tze \"Armut, Treue, Gehorsam\" abgelegt haben, aber weiter im sozialen Gef\u00fcge der Welt leben. Die Ordination enth\u00e4lt alle Elemente traditioneller Zen-\/Laien- und M\u00f6nchsordinationen.<br \/>Leiter des Ordens ist in Anlehnung an westliche Traditionen der Prior als spiritueller Leiter der Kakunen shu.<\/p>\n<p>\u00a0<\/p>\n<\/div><\/div><\/div><div id=\"pgc-354-0-1\"  class=\"panel-grid-cell\" ><div id=\"panel-354-0-1-0\" class=\"so-panel widget widget_black-studio-tinymce widget_black_studio_tinymce panel-first-child panel-last-child\" data-index=\"1\" ><div class=\"textwidget\"><figure id=\"attachment_622\" class=\"thumbnail wp-caption aligncenter\" style=\"width: 300px\"><a href=\"http:\/\/kakunen-zen.de\/newsite\/wp-content\/uploads\/2015\/04\/P1020358.jpg\"><img loading=\"lazy\" decoding=\"async\" class=\"wp-image-622 size-full\" src=\"http:\/\/kakunen-zen.de\/newsite\/wp-content\/uploads\/2015\/04\/P1020358.jpg\" alt=\"P1020358\" width=\"300\" height=\"169\" \/><\/a><figcaption class=\"caption wp-caption-text\">Die Ordensgrunds\u00e4tze. Armut, Treue und Gehorsam.<\/figcaption><\/figure>\n<\/div><\/div><\/div><\/div><div id=\"pg-354-1\"  class=\"panel-grid panel-no-style\" ><div id=\"pgc-354-1-0\"  class=\"panel-grid-cell\" ><div id=\"panel-354-1-0-0\" class=\"so-panel widget widget_black-studio-tinymce widget_black_studio_tinymce panel-first-child panel-last-child\" data-index=\"2\" ><div class=\"textwidget\"><p style=\"text-align: center;\"><div class=\"row\"> <div class=\"col-md-4  \">\n<p style=\"text-align: center;\"><a title=\"1. Ordination 1999\" href=\"http:\/\/kakunen-zen.de\/newsite\/?page_id=422\">1. Ordination 25.4.1999<\/a><\/p>\n<p style=\"text-align: center;\"><a title=\"1. Ordination 1999\" href=\"http:\/\/kakunen-zen.de\/newsite\/?page_id=422\"><img loading=\"lazy\" decoding=\"async\" class=\"  wp-image-159 size-full aligncenter\" src=\"http:\/\/kakunen-zen.de\/newsite\/wp-content\/uploads\/2015\/01\/ordination1-e1429452368518.jpg\" alt=\"\" width=\"260\" height=\"148\" \/><\/a><\/p>\n<p style=\"text-align: center;\">\u00a0<\/p>\n<p style=\"text-align: center;\">\u00a0<\/p>\n<p style=\"text-align: center;\">\u00a0<\/p>\n<p style=\"text-align: center;\">\u00a0<\/p>\n<p style=\"text-align: center;\">\u00a0<\/p>\n<p style=\"text-align: center;\">\u00a0<\/div><div class=\"col-md-4  \">\n<p style=\"text-align: center;\"><a title=\"2. Ordination 2003\" href=\"http:\/\/kakunen-zen.de\/newsite\/?page_id=425\">2. Ordination 25.4.2003<\/a><\/p>\n<p style=\"text-align: center;\"><a title=\"2. Ordination 2003\" href=\"http:\/\/kakunen-zen.de\/newsite\/?page_id=425\"><img loading=\"lazy\" decoding=\"async\" class=\"size-full wp-image-163 aligncenter\" src=\"http:\/\/kakunen-zen.de\/newsite\/wp-content\/uploads\/2015\/01\/ordination2.jpg\" alt=\"2. Ordination 2003\" width=\"260\" height=\"148\" \/><\/a><\/p>\n<p style=\"text-align: center;\">\u00a0<\/p>\n<p style=\"text-align: center;\">\u00a0<\/p>\n<p style=\"text-align: center;\">\u00a0<\/p>\n<p style=\"text-align: center;\">\u00a0<\/p>\n<p style=\"text-align: center;\">\u00a0<\/p>\n<p style=\"text-align: center;\">\u00a0<\/div><div class=\"col-md-4  \">\n<p style=\"text-align: center;\"><a title=\"3. Ordination 2015\" href=\"http:\/\/kakunen-zen.de\/newsite\/?page_id=513\">3. Ordination 25.4.2015<\/a><\/p>\n<p style=\"text-align: center;\"><a href=\"http:\/\/kakunen-zen.de\/newsite\/wp-content\/uploads\/2015\/04\/DSC05138.jpg\"><img loading=\"lazy\" decoding=\"async\" class=\" wp-image-512  aligncenter\" src=\"http:\/\/kakunen-zen.de\/newsite\/wp-content\/uploads\/2015\/04\/DSC05138-e1430067852177.jpg\" alt=\"DSC05138\" width=\"260\" height=\"148\" \/><\/a><\/p>\n<p style=\"text-align: center;\">\u00a0<\/p>\n<p style=\"text-align: center;\">\u00a0<\/div><div class=\"col-md-4  \">\n<p style=\"text-align: center;\"><a title=\"3. Ordination 2015\" href=\"http:\/\/www.kakunen-zen.de\/newsite\/?p=740\">4. Ordination 1.6.2016<\/a><\/p>\n<p style=\"text-align: center;\"><img loading=\"lazy\" decoding=\"async\" class=\"aligncenter  wp-image-742\" src=\"http:\/\/www.kakunen-zen.de\/newsite\/wp-content\/uploads\/2016\/09\/Unbenannt-1.jpg\" alt=\"\" width=\"259\" height=\"194\" srcset=\"https:\/\/www.kakunen-zen.de\/newsite\/wp-content\/uploads\/2016\/09\/Unbenannt-1.jpg 1000w, https:\/\/www.kakunen-zen.de\/newsite\/wp-content\/uploads\/2016\/09\/Unbenannt-1-768x576.jpg 768w, https:\/\/www.kakunen-zen.de\/newsite\/wp-content\/uploads\/2016\/09\/Unbenannt-1-740x556.jpg 740w, https:\/\/www.kakunen-zen.de\/newsite\/wp-content\/uploads\/2016\/09\/Unbenannt-1-370x278.jpg 370w\" sizes=\"auto, (max-width: 259px) 100vw, 259px\" \/><\/p>\n<p style=\"text-align: center;\">\u00a0<\/p>\n<p style=\"text-align: center;\"><\/div><\/div>\n<\/div><\/div><\/div><\/div><\/div>","protected":false},"excerpt":{"rendered":"<p>ZEN-ORDEN &#8222;Offene Weite&#8220;Der Orden &#8222;Offene Weite&#8220; ist eine neue Konzeption im westlich-abendl\u00e4ndischen Zen.Angeh\u00f6rige dieses Ordens sind ordinierte Zen-\u00dcbende, die Gel\u00fcbde auf die Ordensgrunds\u00e4tze &#8222;Armut, Treue, Gehorsam&#8220; abgelegt haben, aber weiter &hellip; <a href=\"https:\/\/www.kakunen-zen.de\/newsite\/?page_id=354\">Weiterlesen<\/a><\/p>\n","protected":false},"author":1,"featured_media":0,"parent":0,"menu_order":0,"comment_status":"open","ping_status":"open","template":"","meta":{"kt_blocks_editor_width":"","footnotes":""},"class_list":["post-354","page","type-page","status-publish","hentry"],"_links":{"self":[{"href":"https:\/\/www.kakunen-zen.de\/newsite\/index.php?rest_route=\/wp\/v2\/pages\/354","targetHints":{"allow":["GET"]}}],"collection":[{"href":"https:\/\/www.kakunen-zen.de\/newsite\/index.php?rest_route=\/wp\/v2\/pages"}],"about":[{"href":"https:\/\/www.kakunen-zen.de\/newsite\/index.php?rest_route=\/wp\/v2\/types\/page"}],"author":[{"embeddable":true,"href":"https:\/\/www.kakunen-zen.de\/newsite\/index.php?rest_route=\/wp\/v2\/users\/1"}],"replies":[{"embeddable":true,"href":"https:\/\/www.kakunen-zen.de\/newsite\/index.php?rest_route=%2Fwp%2Fv2%2Fcomments&post=354"}],"version-history":[{"count":25,"href":"https:\/\/www.kakunen-zen.de\/newsite\/index.php?rest_route=\/wp\/v2\/pages\/354\/revisions"}],"predecessor-version":[{"id":756,"href":"https:\/\/www.kakunen-zen.de\/newsite\/index.php?rest_route=\/wp\/v2\/pages\/354\/revisions\/756"}],"wp:attachment":[{"href":"https:\/\/www.kakunen-zen.de\/newsite\/index.php?rest_route=%2Fwp%2Fv2%2Fmedia&parent=354"}],"curies":[{"name":"wp","href":"https:\/\/api.w.org\/{rel}","templated":true}]}}