{"id":392,"date":"2015-04-14T15:55:40","date_gmt":"2015-04-14T15:55:40","guid":{"rendered":"http:\/\/kakunen-zen.de\/newsite\/?page_id=392"},"modified":"2015-05-04T14:04:32","modified_gmt":"2015-05-04T14:04:32","slug":"kakunen-zen-3","status":"publish","type":"page","link":"https:\/\/www.kakunen-zen.de\/newsite\/?page_id=392","title":{"rendered":"KAKUNEN ZEN"},"content":{"rendered":"<h5><\/h5>\n<h5>KAKUNEN-ZEN<\/h5>\n<h5>Das Zen der &#8222;offenen Weite&#8220; Bodhidharmas &#8211; ein frischer Trieb an der Wurzel eines alten Baumes<img loading=\"lazy\" decoding=\"async\" class=\" size-full wp-image-152 alignright\" src=\"http:\/\/kakunen-zen.de\/newsite\/wp-content\/uploads\/2015\/01\/baum.jpg\" alt=\"baum\" width=\"200\" height=\"278\" \/><\/h5>\n<p>Alle Menschen brauchen Frieden, Freiheit, Harmonie, Liebe, Mitgef\u00fchl und Zufriedenheit. Vielfach sind Streit, Hass, Zw\u00e4nge, Egoismus, Angst, Unzufriedenheit die Realit\u00e4t.<br \/>\nVor 2500 Jahren begann Buddha Shakyamuni den Menschen einen Weg aufzuzeigen, den er selbst gegangen war, einen Weg zu Leidfreiheit und Zufriedenheit f\u00fcr sich selbst und zu wahrer Liebe und wahrem Mitgef\u00fchl f\u00fcr alle anderen.<\/p>\n<p>Dieser Buddha-Weg kam vor etwa zwei Generationen als Zen-Weg aus dem Osten in den Westen. Als Begr\u00fcnder des Zen-Buddhismus gilt nach der \u00dcberlieferung der indische buddhistische M\u00f6nch Bodhidharma. Sein Zen ist das Zen der Offenen Weite, die alles ungetrennt enth\u00e4lt.<br \/>\nDiese Offene Weite hier im abendl\u00e4ndisch religi\u00f6sen, kulturellen und sozialen Kontext wieder zu finden und zu leben, ist Ziel eines unabh\u00e4ngigen abendl\u00e4ndischen Zen-Wegs, der als Lebensweg zu entwickeln und zu gehen ist. Dabei ist die \u00fcberlieferte Zen-Tradition des Ostens Orientierung, Ansporn und Herausforderung.<\/p>\n<p>M\u00f6gen alle Menschen mit uns Gl\u00fcck und Zufriedenheit erlangen.<\/p>\n<p>TAIKU<\/p>\n<p>&nbsp;<\/p>\n<p>&nbsp;<\/p>\n<p>&nbsp;<\/p>\n","protected":false},"excerpt":{"rendered":"<p>KAKUNEN-ZEN Das Zen der &#8222;offenen Weite&#8220; Bodhidharmas &#8211; ein frischer Trieb an der Wurzel eines alten Baumes Alle Menschen brauchen Frieden, Freiheit, Harmonie, Liebe, Mitgef\u00fchl und Zufriedenheit. Vielfach sind Streit, &hellip; <a href=\"https:\/\/www.kakunen-zen.de\/newsite\/?page_id=392\">Weiterlesen<\/a><\/p>\n","protected":false},"author":1,"featured_media":0,"parent":0,"menu_order":0,"comment_status":"open","ping_status":"open","template":"","meta":{"kt_blocks_editor_width":"","footnotes":""},"class_list":["post-392","page","type-page","status-publish","hentry"],"_links":{"self":[{"href":"https:\/\/www.kakunen-zen.de\/newsite\/index.php?rest_route=\/wp\/v2\/pages\/392","targetHints":{"allow":["GET"]}}],"collection":[{"href":"https:\/\/www.kakunen-zen.de\/newsite\/index.php?rest_route=\/wp\/v2\/pages"}],"about":[{"href":"https:\/\/www.kakunen-zen.de\/newsite\/index.php?rest_route=\/wp\/v2\/types\/page"}],"author":[{"embeddable":true,"href":"https:\/\/www.kakunen-zen.de\/newsite\/index.php?rest_route=\/wp\/v2\/users\/1"}],"replies":[{"embeddable":true,"href":"https:\/\/www.kakunen-zen.de\/newsite\/index.php?rest_route=%2Fwp%2Fv2%2Fcomments&post=392"}],"version-history":[{"count":6,"href":"https:\/\/www.kakunen-zen.de\/newsite\/index.php?rest_route=\/wp\/v2\/pages\/392\/revisions"}],"predecessor-version":[{"id":547,"href":"https:\/\/www.kakunen-zen.de\/newsite\/index.php?rest_route=\/wp\/v2\/pages\/392\/revisions\/547"}],"wp:attachment":[{"href":"https:\/\/www.kakunen-zen.de\/newsite\/index.php?rest_route=%2Fwp%2Fv2%2Fmedia&parent=392"}],"curies":[{"name":"wp","href":"https:\/\/api.w.org\/{rel}","templated":true}]}}