{"id":507,"date":"2015-04-22T10:22:35","date_gmt":"2015-04-22T10:22:35","guid":{"rendered":"http:\/\/kakunen-zen.de\/newsite\/?page_id=507"},"modified":"2021-05-23T07:36:47","modified_gmt":"2021-05-23T07:36:47","slug":"verein-2","status":"publish","type":"page","link":"https:\/\/www.kakunen-zen.de\/newsite\/?page_id=507","title":{"rendered":"VEREIN"},"content":{"rendered":"<h5>F\u00d6RDERVEREIN<\/h5>\n<p>Der F\u00f6rderverein\u00a0<span class=\"txt_gelb\">&#8222;Kakunen taisei Zen shu e.V.&#8220;<\/span>\u00a0(abendl\u00e4ndische Zen-Schule &#8222;Offene Weite&#8220;) hat gem\u00e4\u00df seiner Satzung die Aufgabe, den Zen-Tempel &#8222;Kakunen-Ji&#8220; zu unterhalten und die Mitglieder in der Aus\u00fcbung ihrer spirituellen und sozialen Aufgabe zu unterst\u00fctzen.<\/p>\n<p>Der Verein ist beim Finanzamt Euskirchen als religi\u00f6s gemeinn\u00fctzig anerkannt.<\/p>\n<h5>Spendenkonto:<\/h5>\n<p>Volksbank Euskirchen<br \/>IBAN: DE06 3826 0082 0105 4600 15<br \/>BIC: GENODED1EVB<\/p>\n<p>Vorstand:<\/p>\n<p>Stephanie Frey, Vorstand<\/p>\n<p>Michael Bornemann, Kassenwart<\/p>\n<p>Taiku G\u00fcttler, Prior<\/p>\n<p>Vereinssatzung als\u00a0<a href=\"http:\/\/kakunen-zen.de\/newsite\/wp-content\/uploads\/2015\/01\/Vereinssatzung_2011.pdf\">PDF Download<\/a><\/p>\n<p>Download <a href=\"https:\/\/www.kakunen-zen.de\/newsite\/wp-content\/uploads\/2021\/05\/Beitrittserklaerung2021.pdf\">Beitrittserklaerung<\/a><\/p>\n\n\n<p><\/p>\n","protected":false},"excerpt":{"rendered":"<p>F\u00d6RDERVEREIN Der F\u00f6rderverein\u00a0&#8222;Kakunen taisei Zen shu e.V.&#8220;\u00a0(abendl\u00e4ndische Zen-Schule &#8222;Offene Weite&#8220;) hat gem\u00e4\u00df seiner Satzung die Aufgabe, den Zen-Tempel &#8222;Kakunen-Ji&#8220; zu unterhalten und die Mitglieder in der Aus\u00fcbung ihrer spirituellen und &hellip; <a href=\"https:\/\/www.kakunen-zen.de\/newsite\/?page_id=507\">Weiterlesen<\/a><\/p>\n","protected":false},"author":1,"featured_media":0,"parent":0,"menu_order":0,"comment_status":"open","ping_status":"open","template":"","meta":{"kt_blocks_editor_width":"","footnotes":""},"class_list":["post-507","page","type-page","status-publish","hentry"],"_links":{"self":[{"href":"https:\/\/www.kakunen-zen.de\/newsite\/index.php?rest_route=\/wp\/v2\/pages\/507","targetHints":{"allow":["GET"]}}],"collection":[{"href":"https:\/\/www.kakunen-zen.de\/newsite\/index.php?rest_route=\/wp\/v2\/pages"}],"about":[{"href":"https:\/\/www.kakunen-zen.de\/newsite\/index.php?rest_route=\/wp\/v2\/types\/page"}],"author":[{"embeddable":true,"href":"https:\/\/www.kakunen-zen.de\/newsite\/index.php?rest_route=\/wp\/v2\/users\/1"}],"replies":[{"embeddable":true,"href":"https:\/\/www.kakunen-zen.de\/newsite\/index.php?rest_route=%2Fwp%2Fv2%2Fcomments&post=507"}],"version-history":[{"count":8,"href":"https:\/\/www.kakunen-zen.de\/newsite\/index.php?rest_route=\/wp\/v2\/pages\/507\/revisions"}],"predecessor-version":[{"id":935,"href":"https:\/\/www.kakunen-zen.de\/newsite\/index.php?rest_route=\/wp\/v2\/pages\/507\/revisions\/935"}],"wp:attachment":[{"href":"https:\/\/www.kakunen-zen.de\/newsite\/index.php?rest_route=%2Fwp%2Fv2%2Fmedia&parent=507"}],"curies":[{"name":"wp","href":"https:\/\/api.w.org\/{rel}","templated":true}]}}